{"id":927,"date":"2022-02-23T18:35:16","date_gmt":"2022-02-23T17:35:16","guid":{"rendered":"https:\/\/www.lametairiehaute.fr\/boutique\/?post_type=product&#038;p=927"},"modified":"2025-10-23T16:17:12","modified_gmt":"2025-10-23T14:17:12","slug":"confiture-de-cornouille","status":"publish","type":"product","link":"https:\/\/www.lametairiehaute.fr\/boutique\/produit\/confiture-de-cornouille\/","title":{"rendered":"Gel\u00e9e de cornouille"},"content":{"rendered":"","protected":false},"excerpt":{"rendered":"<p>Pot de 230g. Souvent m\u00e9connue, la cornouille est issue d&rsquo;un petit arbre : le cornouiller m\u00e2le (arbre typique de nos causses calcaires). C&rsquo;est un fruit ressemblant \u00e0 une olive rouge qui se ramasse \u00e0 la fin de l&rsquo;\u00e9t\u00e9. Un go\u00fbt proche de la groseille mais avec un petit truc quercynois en plus ! A d\u00e9couvrir absolument !<\/p>\n","protected":false},"featured_media":1291,"template":"","meta":[],"product_brand":[],"product_cat":[9],"product_tag":[],"class_list":{"0":"post-927","1":"product","2":"type-product","3":"status-publish","4":"has-post-thumbnail","6":"product_cat-confitures","7":"product_shipping_class-colissimo","9":"first","10":"instock","11":"shipping-taxable","12":"purchasable","13":"product-type-simple"},"_links":{"self":[{"href":"https:\/\/www.lametairiehaute.fr\/boutique\/wp-json\/wp\/v2\/product\/927","targetHints":{"allow":["GET"]}}],"collection":[{"href":"https:\/\/www.lametairiehaute.fr\/boutique\/wp-json\/wp\/v2\/product"}],"about":[{"href":"https:\/\/www.lametairiehaute.fr\/boutique\/wp-json\/wp\/v2\/types\/product"}],"wp:featuredmedia":[{"embeddable":true,"href":"https:\/\/www.lametairiehaute.fr\/boutique\/wp-json\/wp\/v2\/media\/1291"}],"wp:attachment":[{"href":"https:\/\/www.lametairiehaute.fr\/boutique\/wp-json\/wp\/v2\/media?parent=927"}],"wp:term":[{"taxonomy":"product_brand","embeddable":true,"href":"https:\/\/www.lametairiehaute.fr\/boutique\/wp-json\/wp\/v2\/product_brand?post=927"},{"taxonomy":"product_cat","embeddable":true,"href":"https:\/\/www.lametairiehaute.fr\/boutique\/wp-json\/wp\/v2\/product_cat?post=927"},{"taxonomy":"product_tag","embeddable":true,"href":"https:\/\/www.lametairiehaute.fr\/boutique\/wp-json\/wp\/v2\/product_tag?post=927"}],"curies":[{"name":"wp","href":"https:\/\/api.w.org\/{rel}","templated":true}]}}