{"id":891,"date":"2022-02-23T16:51:32","date_gmt":"2022-02-23T15:51:32","guid":{"rendered":"https:\/\/www.lametairiehaute.fr\/boutique\/?post_type=product&#038;p=891"},"modified":"2025-10-17T16:55:20","modified_gmt":"2025-10-17T14:55:20","slug":"vin-escourbette","status":"publish","type":"product","link":"https:\/\/www.lametairiehaute.fr\/boutique\/produit\/vin-escourbette\/","title":{"rendered":"Vin l&rsquo;Escourbette de Mamie Lucette"},"content":{"rendered":"","protected":false},"excerpt":{"rendered":"<p>L&rsquo;Escourbette de Mamie Lucette, un hommage \u00e0 ma grand-m\u00e8re maternelle ! Vin \u00e0 proposer en vin ap\u00e9ritif. A servir frais ou avec un gla\u00e7on. Bouteille de 50 cl. Il est fait \u00e0 partir de vin rouge AOC Cahors, de chicor\u00e9e et d&rsquo;orange. Il titre \u00e0 14.5% vol.<\/p>\n","protected":false},"featured_media":1313,"template":"","meta":[],"product_brand":[],"product_cat":[10],"product_tag":[],"class_list":{"0":"post-891","1":"product","2":"type-product","3":"status-publish","4":"has-post-thumbnail","6":"product_cat-aperitifs","7":"product_shipping_class-colissimo","9":"first","10":"instock","11":"shipping-taxable","12":"purchasable","13":"product-type-simple"},"_links":{"self":[{"href":"https:\/\/www.lametairiehaute.fr\/boutique\/wp-json\/wp\/v2\/product\/891","targetHints":{"allow":["GET"]}}],"collection":[{"href":"https:\/\/www.lametairiehaute.fr\/boutique\/wp-json\/wp\/v2\/product"}],"about":[{"href":"https:\/\/www.lametairiehaute.fr\/boutique\/wp-json\/wp\/v2\/types\/product"}],"wp:featuredmedia":[{"embeddable":true,"href":"https:\/\/www.lametairiehaute.fr\/boutique\/wp-json\/wp\/v2\/media\/1313"}],"wp:attachment":[{"href":"https:\/\/www.lametairiehaute.fr\/boutique\/wp-json\/wp\/v2\/media?parent=891"}],"wp:term":[{"taxonomy":"product_brand","embeddable":true,"href":"https:\/\/www.lametairiehaute.fr\/boutique\/wp-json\/wp\/v2\/product_brand?post=891"},{"taxonomy":"product_cat","embeddable":true,"href":"https:\/\/www.lametairiehaute.fr\/boutique\/wp-json\/wp\/v2\/product_cat?post=891"},{"taxonomy":"product_tag","embeddable":true,"href":"https:\/\/www.lametairiehaute.fr\/boutique\/wp-json\/wp\/v2\/product_tag?post=891"}],"curies":[{"name":"wp","href":"https:\/\/api.w.org\/{rel}","templated":true}]}}