{"id":845,"date":"2022-02-23T10:31:52","date_gmt":"2022-02-23T09:31:52","guid":{"rendered":"https:\/\/www.lametairiehaute.fr\/boutique\/?post_type=product&#038;p=845"},"modified":"2025-12-15T15:33:28","modified_gmt":"2025-12-15T14:33:28","slug":"rhum-vep-mangue-passion","status":"publish","type":"product","link":"https:\/\/www.lametairiehaute.fr\/boutique\/produit\/rhum-vep-mangue-passion\/","title":{"rendered":"Rhum vep mangue passion"},"content":{"rendered":"","protected":false},"excerpt":{"rendered":"<p>Fait \u00e0 partir de rhum blanc de la R\u00e9union, il garantit 6 mois minimum de mac\u00e9ration. Mangue, fruit de la passion et sucre de canne bio. Doux et fruit\u00e9, il plaira \u00e0 un large public.<\/p>\n","protected":false},"featured_media":834,"template":"","meta":[],"product_brand":[],"product_cat":[34],"product_tag":[],"class_list":{"0":"post-845","1":"product","2":"type-product","3":"status-publish","4":"has-post-thumbnail","6":"product_cat-rhums-arranges","7":"product_shipping_class-colissimo","9":"first","10":"instock","11":"shipping-taxable","12":"purchasable","13":"product-type-simple"},"_links":{"self":[{"href":"https:\/\/www.lametairiehaute.fr\/boutique\/wp-json\/wp\/v2\/product\/845","targetHints":{"allow":["GET"]}}],"collection":[{"href":"https:\/\/www.lametairiehaute.fr\/boutique\/wp-json\/wp\/v2\/product"}],"about":[{"href":"https:\/\/www.lametairiehaute.fr\/boutique\/wp-json\/wp\/v2\/types\/product"}],"wp:featuredmedia":[{"embeddable":true,"href":"https:\/\/www.lametairiehaute.fr\/boutique\/wp-json\/wp\/v2\/media\/834"}],"wp:attachment":[{"href":"https:\/\/www.lametairiehaute.fr\/boutique\/wp-json\/wp\/v2\/media?parent=845"}],"wp:term":[{"taxonomy":"product_brand","embeddable":true,"href":"https:\/\/www.lametairiehaute.fr\/boutique\/wp-json\/wp\/v2\/product_brand?post=845"},{"taxonomy":"product_cat","embeddable":true,"href":"https:\/\/www.lametairiehaute.fr\/boutique\/wp-json\/wp\/v2\/product_cat?post=845"},{"taxonomy":"product_tag","embeddable":true,"href":"https:\/\/www.lametairiehaute.fr\/boutique\/wp-json\/wp\/v2\/product_tag?post=845"}],"curies":[{"name":"wp","href":"https:\/\/api.w.org\/{rel}","templated":true}]}}