{"id":785,"date":"2022-02-22T14:59:52","date_gmt":"2022-02-22T13:59:52","guid":{"rendered":"https:\/\/www.lametairiehaute.fr\/boutique\/?post_type=product&#038;p=785"},"modified":"2025-10-17T16:26:50","modified_gmt":"2025-10-17T14:26:50","slug":"baies-roses-recharge","status":"publish","type":"product","link":"https:\/\/www.lametairiehaute.fr\/boutique\/produit\/baies-roses-recharge\/","title":{"rendered":"Baies roses"},"content":{"rendered":"","protected":false},"excerpt":{"rendered":"<p>Origine : Madagascar. Baies aux notes parfum\u00e9es et sucr\u00e9es. Accompagneront \u00e0 merveille les poissons et viandes blanches. Id\u00e9ales pour les marinades ou les toasts de saumon fum\u00e9. 20g. Recharge conditionn\u00e9e en sachet zip.<\/p>\n","protected":false},"featured_media":1282,"template":"","meta":[],"product_brand":[],"product_cat":[15],"product_tag":[],"class_list":{"0":"post-785","1":"product","2":"type-product","3":"status-publish","4":"has-post-thumbnail","6":"product_cat-poivres","7":"product_shipping_class-colissimo","9":"first","10":"instock","11":"shipping-taxable","12":"purchasable","13":"product-type-simple"},"_links":{"self":[{"href":"https:\/\/www.lametairiehaute.fr\/boutique\/wp-json\/wp\/v2\/product\/785","targetHints":{"allow":["GET"]}}],"collection":[{"href":"https:\/\/www.lametairiehaute.fr\/boutique\/wp-json\/wp\/v2\/product"}],"about":[{"href":"https:\/\/www.lametairiehaute.fr\/boutique\/wp-json\/wp\/v2\/types\/product"}],"wp:featuredmedia":[{"embeddable":true,"href":"https:\/\/www.lametairiehaute.fr\/boutique\/wp-json\/wp\/v2\/media\/1282"}],"wp:attachment":[{"href":"https:\/\/www.lametairiehaute.fr\/boutique\/wp-json\/wp\/v2\/media?parent=785"}],"wp:term":[{"taxonomy":"product_brand","embeddable":true,"href":"https:\/\/www.lametairiehaute.fr\/boutique\/wp-json\/wp\/v2\/product_brand?post=785"},{"taxonomy":"product_cat","embeddable":true,"href":"https:\/\/www.lametairiehaute.fr\/boutique\/wp-json\/wp\/v2\/product_cat?post=785"},{"taxonomy":"product_tag","embeddable":true,"href":"https:\/\/www.lametairiehaute.fr\/boutique\/wp-json\/wp\/v2\/product_tag?post=785"}],"curies":[{"name":"wp","href":"https:\/\/api.w.org\/{rel}","templated":true}]}}