{"id":766,"date":"2022-02-21T19:08:59","date_gmt":"2022-02-21T18:08:59","guid":{"rendered":"https:\/\/www.lametairiehaute.fr\/boutique\/?post_type=product&#038;p=766"},"modified":"2025-10-15T11:01:11","modified_gmt":"2025-10-15T09:01:11","slug":"sirop-de-verveine","status":"publish","type":"product","link":"https:\/\/www.lametairiehaute.fr\/boutique\/produit\/sirop-de-verveine\/","title":{"rendered":"Sirop de verveine"},"content":{"rendered":"","protected":false},"excerpt":{"rendered":"<p>On retrouve bien le go\u00fbt de la verveine mais en sirop. Peut se mettre avec de l&rsquo;eau froide ou de l&rsquo;eau chaude. Si vous fa\u00eetes une salade de p\u00eache, plut\u00f4t que de sucrer, mettez une cuill\u00e8re de sirop de verveine.<\/p>\n","protected":false},"featured_media":763,"template":"","meta":[],"product_brand":[],"product_cat":[18],"product_tag":[],"class_list":{"0":"post-766","1":"product","2":"type-product","3":"status-publish","4":"has-post-thumbnail","6":"product_cat-sirops-aux-plantes-et-aux-fruits","7":"product_shipping_class-colissimo","9":"first","10":"instock","11":"shipping-taxable","12":"purchasable","13":"product-type-simple"},"_links":{"self":[{"href":"https:\/\/www.lametairiehaute.fr\/boutique\/wp-json\/wp\/v2\/product\/766","targetHints":{"allow":["GET"]}}],"collection":[{"href":"https:\/\/www.lametairiehaute.fr\/boutique\/wp-json\/wp\/v2\/product"}],"about":[{"href":"https:\/\/www.lametairiehaute.fr\/boutique\/wp-json\/wp\/v2\/types\/product"}],"wp:featuredmedia":[{"embeddable":true,"href":"https:\/\/www.lametairiehaute.fr\/boutique\/wp-json\/wp\/v2\/media\/763"}],"wp:attachment":[{"href":"https:\/\/www.lametairiehaute.fr\/boutique\/wp-json\/wp\/v2\/media?parent=766"}],"wp:term":[{"taxonomy":"product_brand","embeddable":true,"href":"https:\/\/www.lametairiehaute.fr\/boutique\/wp-json\/wp\/v2\/product_brand?post=766"},{"taxonomy":"product_cat","embeddable":true,"href":"https:\/\/www.lametairiehaute.fr\/boutique\/wp-json\/wp\/v2\/product_cat?post=766"},{"taxonomy":"product_tag","embeddable":true,"href":"https:\/\/www.lametairiehaute.fr\/boutique\/wp-json\/wp\/v2\/product_tag?post=766"}],"curies":[{"name":"wp","href":"https:\/\/api.w.org\/{rel}","templated":true}]}}