{"id":689,"date":"2021-09-27T14:45:52","date_gmt":"2021-09-27T12:45:52","guid":{"rendered":"https:\/\/www.lametairiehaute.fr\/boutique\/?post_type=product&#038;p=689"},"modified":"2025-12-01T10:33:48","modified_gmt":"2025-12-01T09:33:48","slug":"rhum-vep-cafe-orange","status":"publish","type":"product","link":"https:\/\/www.lametairiehaute.fr\/boutique\/produit\/rhum-vep-cafe-orange\/","title":{"rendered":"Rhum vep caf\u00e9 orange"},"content":{"rendered":"","protected":false},"excerpt":{"rendered":"<p>Fait \u00e0 partir de rhum blanc de la R\u00e9union. Il garantit 6 mois minimum de mac\u00e9ration. Les oranges, le caf\u00e9 et le sucre de canne sont bio. Personnellement class\u00e9 dans mes pr\u00e9f\u00e9r\u00e9s, je trouve qu&rsquo;il cl\u00f4ture \u00e0 merveille les fins de repas.<\/p>\n","protected":false},"featured_media":828,"template":"","meta":[],"product_brand":[],"product_cat":[34],"product_tag":[],"class_list":{"0":"post-689","1":"product","2":"type-product","3":"status-publish","4":"has-post-thumbnail","6":"product_cat-rhums-arranges","7":"product_shipping_class-colissimo","9":"first","10":"instock","11":"shipping-taxable","12":"purchasable","13":"product-type-simple"},"_links":{"self":[{"href":"https:\/\/www.lametairiehaute.fr\/boutique\/wp-json\/wp\/v2\/product\/689","targetHints":{"allow":["GET"]}}],"collection":[{"href":"https:\/\/www.lametairiehaute.fr\/boutique\/wp-json\/wp\/v2\/product"}],"about":[{"href":"https:\/\/www.lametairiehaute.fr\/boutique\/wp-json\/wp\/v2\/types\/product"}],"wp:featuredmedia":[{"embeddable":true,"href":"https:\/\/www.lametairiehaute.fr\/boutique\/wp-json\/wp\/v2\/media\/828"}],"wp:attachment":[{"href":"https:\/\/www.lametairiehaute.fr\/boutique\/wp-json\/wp\/v2\/media?parent=689"}],"wp:term":[{"taxonomy":"product_brand","embeddable":true,"href":"https:\/\/www.lametairiehaute.fr\/boutique\/wp-json\/wp\/v2\/product_brand?post=689"},{"taxonomy":"product_cat","embeddable":true,"href":"https:\/\/www.lametairiehaute.fr\/boutique\/wp-json\/wp\/v2\/product_cat?post=689"},{"taxonomy":"product_tag","embeddable":true,"href":"https:\/\/www.lametairiehaute.fr\/boutique\/wp-json\/wp\/v2\/product_tag?post=689"}],"curies":[{"name":"wp","href":"https:\/\/api.w.org\/{rel}","templated":true}]}}