{"id":247,"date":"2017-04-07T13:43:30","date_gmt":"2017-04-07T11:43:30","guid":{"rendered":"https:\/\/www.lametairiehaute.fr\/boutique\/?post_type=product&#038;p=247"},"modified":"2026-05-05T15:30:06","modified_gmt":"2026-05-05T13:30:06","slug":"sirop-de-curcuma","status":"publish","type":"product","link":"https:\/\/www.lametairiehaute.fr\/boutique\/produit\/sirop-de-curcuma\/","title":{"rendered":"Sirop de curcuma"},"content":{"rendered":"","protected":false},"excerpt":{"rendered":"<p>Nouvelle bouteille : le contenant change mais pas le contenu, m\u00eame recette mais on passe \u00e0 des bouteilles \u00e0 base carr\u00e9.<\/p>\n<p>Sirop concentr\u00e9 de curcuma. Fait \u00e0 partir de curcuma frais, de sucre et de jus de citron. Comme il est concentr\u00e9, il suffit d&rsquo;en mettre peu, cela revient \u00e0 un sirop moins sucr\u00e9 que les sirops classiques. Afin de d\u00e9velopper les vertus de la curcumine, il suffit de l&rsquo;associer \u00e0 du poivre ou du gingembre. Conservation : le d\u00e9phasage est\u00a0 naturel, le remuer avant utilisation. Une fois entam\u00e9, il se conserve 6 mois au r\u00e9frig\u00e9rateur. Contenance : 0.25 litre Origine curcuma : P\u00e9rou.<\/p>\n","protected":false},"featured_media":1226,"template":"","meta":[],"product_brand":[],"product_cat":[19],"product_tag":[],"class_list":{"0":"post-247","1":"product","2":"type-product","3":"status-publish","4":"has-post-thumbnail","6":"product_cat-sirops-de-gingembre-et-de-curcuma","7":"product_shipping_class-colissimo","9":"first","10":"outofstock","11":"shipping-taxable","12":"purchasable","13":"product-type-simple"},"_links":{"self":[{"href":"https:\/\/www.lametairiehaute.fr\/boutique\/wp-json\/wp\/v2\/product\/247","targetHints":{"allow":["GET"]}}],"collection":[{"href":"https:\/\/www.lametairiehaute.fr\/boutique\/wp-json\/wp\/v2\/product"}],"about":[{"href":"https:\/\/www.lametairiehaute.fr\/boutique\/wp-json\/wp\/v2\/types\/product"}],"wp:featuredmedia":[{"embeddable":true,"href":"https:\/\/www.lametairiehaute.fr\/boutique\/wp-json\/wp\/v2\/media\/1226"}],"wp:attachment":[{"href":"https:\/\/www.lametairiehaute.fr\/boutique\/wp-json\/wp\/v2\/media?parent=247"}],"wp:term":[{"taxonomy":"product_brand","embeddable":true,"href":"https:\/\/www.lametairiehaute.fr\/boutique\/wp-json\/wp\/v2\/product_brand?post=247"},{"taxonomy":"product_cat","embeddable":true,"href":"https:\/\/www.lametairiehaute.fr\/boutique\/wp-json\/wp\/v2\/product_cat?post=247"},{"taxonomy":"product_tag","embeddable":true,"href":"https:\/\/www.lametairiehaute.fr\/boutique\/wp-json\/wp\/v2\/product_tag?post=247"}],"curies":[{"name":"wp","href":"https:\/\/api.w.org\/{rel}","templated":true}]}}