{"id":233,"date":"2017-04-07T12:56:23","date_gmt":"2017-04-07T10:56:23","guid":{"rendered":"https:\/\/www.lametairiehaute.fr\/boutique\/?post_type=product&#038;p=233"},"modified":"2025-11-30T17:38:58","modified_gmt":"2025-11-30T16:38:58","slug":"sirop-de-gingembre-bio","status":"publish","type":"product","link":"https:\/\/www.lametairiehaute.fr\/boutique\/produit\/sirop-de-gingembre-bio\/","title":{"rendered":"Sirop de gingembre"},"content":{"rendered":"","protected":false},"excerpt":{"rendered":"<p>Sirop tonique plus concentr\u00e9 qu\u2019un sirop classique (1 volume pour 10 d\u2019eau). A boire avec de l\u2019eau plate ou p\u00e9tillante mais pas seulement. Il peut \u00eatre utilis\u00e9 pour des punchs, avec un p\u00e9tillant blanc, pour d\u00e9glacer un magret, faire une marinade pour les crevettes, sur une salade de fruits, pour une mousse au chocolat, dans le th\u00e9 vert le matin, pour des plats asiatiques\u2026<\/p>\n","protected":false},"featured_media":1228,"template":"","meta":[],"product_brand":[],"product_cat":[19],"product_tag":[],"class_list":{"0":"post-233","1":"product","2":"type-product","3":"status-publish","4":"has-post-thumbnail","6":"product_cat-sirops-de-gingembre-et-de-curcuma","7":"product_shipping_class-colissimo","9":"first","10":"instock","11":"shipping-taxable","12":"purchasable","13":"product-type-variable"},"_links":{"self":[{"href":"https:\/\/www.lametairiehaute.fr\/boutique\/wp-json\/wp\/v2\/product\/233","targetHints":{"allow":["GET"]}}],"collection":[{"href":"https:\/\/www.lametairiehaute.fr\/boutique\/wp-json\/wp\/v2\/product"}],"about":[{"href":"https:\/\/www.lametairiehaute.fr\/boutique\/wp-json\/wp\/v2\/types\/product"}],"wp:featuredmedia":[{"embeddable":true,"href":"https:\/\/www.lametairiehaute.fr\/boutique\/wp-json\/wp\/v2\/media\/1228"}],"wp:attachment":[{"href":"https:\/\/www.lametairiehaute.fr\/boutique\/wp-json\/wp\/v2\/media?parent=233"}],"wp:term":[{"taxonomy":"product_brand","embeddable":true,"href":"https:\/\/www.lametairiehaute.fr\/boutique\/wp-json\/wp\/v2\/product_brand?post=233"},{"taxonomy":"product_cat","embeddable":true,"href":"https:\/\/www.lametairiehaute.fr\/boutique\/wp-json\/wp\/v2\/product_cat?post=233"},{"taxonomy":"product_tag","embeddable":true,"href":"https:\/\/www.lametairiehaute.fr\/boutique\/wp-json\/wp\/v2\/product_tag?post=233"}],"curies":[{"name":"wp","href":"https:\/\/api.w.org\/{rel}","templated":true}]}}