{"id":219,"date":"2017-04-07T12:13:58","date_gmt":"2017-04-07T10:13:58","guid":{"rendered":"https:\/\/www.lametairiehaute.fr\/boutique\/?post_type=product&#038;p=219"},"modified":"2025-10-15T11:02:49","modified_gmt":"2025-10-15T09:02:49","slug":"sirop-4","status":"publish","type":"product","link":"https:\/\/www.lametairiehaute.fr\/boutique\/produit\/sirop-4\/","title":{"rendered":"Sirop de coquelicot"},"content":{"rendered":"","protected":false},"excerpt":{"rendered":"<p>Il faut de la patience pour r\u00e9colter tous ces p\u00e9tales. Retrouvez le parfum de l&rsquo;enfance dans ce sirop calmant \u00e0 la somptueuse couleur naturelle. 0,25l<\/p>\n","protected":false},"featured_media":754,"template":"","meta":[],"product_brand":[],"product_cat":[18],"product_tag":[],"class_list":{"0":"post-219","1":"product","2":"type-product","3":"status-publish","4":"has-post-thumbnail","6":"product_cat-sirops-aux-plantes-et-aux-fruits","7":"product_shipping_class-colissimo","9":"first","10":"instock","11":"shipping-taxable","12":"purchasable","13":"product-type-simple"},"_links":{"self":[{"href":"https:\/\/www.lametairiehaute.fr\/boutique\/wp-json\/wp\/v2\/product\/219","targetHints":{"allow":["GET"]}}],"collection":[{"href":"https:\/\/www.lametairiehaute.fr\/boutique\/wp-json\/wp\/v2\/product"}],"about":[{"href":"https:\/\/www.lametairiehaute.fr\/boutique\/wp-json\/wp\/v2\/types\/product"}],"wp:featuredmedia":[{"embeddable":true,"href":"https:\/\/www.lametairiehaute.fr\/boutique\/wp-json\/wp\/v2\/media\/754"}],"wp:attachment":[{"href":"https:\/\/www.lametairiehaute.fr\/boutique\/wp-json\/wp\/v2\/media?parent=219"}],"wp:term":[{"taxonomy":"product_brand","embeddable":true,"href":"https:\/\/www.lametairiehaute.fr\/boutique\/wp-json\/wp\/v2\/product_brand?post=219"},{"taxonomy":"product_cat","embeddable":true,"href":"https:\/\/www.lametairiehaute.fr\/boutique\/wp-json\/wp\/v2\/product_cat?post=219"},{"taxonomy":"product_tag","embeddable":true,"href":"https:\/\/www.lametairiehaute.fr\/boutique\/wp-json\/wp\/v2\/product_tag?post=219"}],"curies":[{"name":"wp","href":"https:\/\/api.w.org\/{rel}","templated":true}]}}