{"id":204,"date":"2017-04-07T11:36:02","date_gmt":"2017-04-07T09:36:02","guid":{"rendered":"https:\/\/www.lametairiehaute.fr\/boutique\/?post_type=product&#038;p=204"},"modified":"2026-04-15T13:18:24","modified_gmt":"2026-04-15T11:18:24","slug":"vanille-7","status":"publish","type":"product","link":"https:\/\/www.lametairiehaute.fr\/boutique\/produit\/vanille-7\/","title":{"rendered":"Sucre vanill\u00e9"},"content":{"rendered":"","protected":false},"excerpt":{"rendered":"<p>Nouveau conditionnement en \u00e9co-sachet (m\u00eame quantit\u00e9 que le pot). R\u00e9alis\u00e9 avec du sucre de canne blond et de la vanille. Du sucre et de la vanille et c&rsquo;est tout ! Aucun ar\u00f4me et aucun colorant ! 100% naturel, il est id\u00e9al pour agr\u00e9menter les salades de fruits, tartes, clafoutis, cr\u00eapes, yaourts, fromage blanc, chantilly et g\u00e2teaux. 70 g<\/p>\n","protected":false},"featured_media":1218,"template":"","meta":[],"product_brand":[],"product_cat":[14],"product_tag":[],"class_list":{"0":"post-204","1":"product","2":"type-product","3":"status-publish","4":"has-post-thumbnail","6":"product_cat-vanille","7":"product_shipping_class-colissimo","9":"first","10":"instock","11":"shipping-taxable","12":"purchasable","13":"product-type-simple"},"_links":{"self":[{"href":"https:\/\/www.lametairiehaute.fr\/boutique\/wp-json\/wp\/v2\/product\/204","targetHints":{"allow":["GET"]}}],"collection":[{"href":"https:\/\/www.lametairiehaute.fr\/boutique\/wp-json\/wp\/v2\/product"}],"about":[{"href":"https:\/\/www.lametairiehaute.fr\/boutique\/wp-json\/wp\/v2\/types\/product"}],"wp:featuredmedia":[{"embeddable":true,"href":"https:\/\/www.lametairiehaute.fr\/boutique\/wp-json\/wp\/v2\/media\/1218"}],"wp:attachment":[{"href":"https:\/\/www.lametairiehaute.fr\/boutique\/wp-json\/wp\/v2\/media?parent=204"}],"wp:term":[{"taxonomy":"product_brand","embeddable":true,"href":"https:\/\/www.lametairiehaute.fr\/boutique\/wp-json\/wp\/v2\/product_brand?post=204"},{"taxonomy":"product_cat","embeddable":true,"href":"https:\/\/www.lametairiehaute.fr\/boutique\/wp-json\/wp\/v2\/product_cat?post=204"},{"taxonomy":"product_tag","embeddable":true,"href":"https:\/\/www.lametairiehaute.fr\/boutique\/wp-json\/wp\/v2\/product_tag?post=204"}],"curies":[{"name":"wp","href":"https:\/\/api.w.org\/{rel}","templated":true}]}}