{"id":189,"date":"2017-04-07T11:36:02","date_gmt":"2017-04-07T09:36:02","guid":{"rendered":"https:\/\/www.lametairiehaute.fr\/boutique\/?post_type=product&#038;p=189"},"modified":"2024-12-27T17:08:55","modified_gmt":"2024-12-27T16:08:55","slug":"vanille-3","status":"publish","type":"product","link":"https:\/\/www.lametairiehaute.fr\/boutique\/produit\/vanille-3\/","title":{"rendered":"Pot de vanille 20 gr"},"content":{"rendered":"","protected":false},"excerpt":{"rendered":"<p>Pot de 20g. Vanille NNF Bourbon de qualit\u00e9. Origine : Madagascar. Ces gousses ont un ar\u00f4me puissant en vanilline, des notes bois\u00e9es et suaves. La qualit\u00e9 optimale, dans un grand conditionnement. La quantit\u00e9 de gousses d\u00e9pend de la longueur (plus ou moins 4-5 gousses). Les gousses p\u00e8sent 4 \u00e0 5 grammes chacune. Gousses \u00e0 couper, pour une pr\u00e9paration un morceau suffit. Les gousses sont souples, on peut les travailler. Il faut fendre la gousses dans la longueur, racler les grains, les mettre dans la pr\u00e9paration avec la gousse. 20g<\/p>\n","protected":false},"featured_media":1222,"template":"","meta":[],"product_brand":[],"product_cat":[14],"product_tag":[],"class_list":{"0":"post-189","1":"product","2":"type-product","3":"status-publish","4":"has-post-thumbnail","6":"product_cat-vanille","7":"product_shipping_class-colissimo","9":"first","10":"instock","11":"shipping-taxable","12":"purchasable","13":"product-type-simple"},"_links":{"self":[{"href":"https:\/\/www.lametairiehaute.fr\/boutique\/wp-json\/wp\/v2\/product\/189","targetHints":{"allow":["GET"]}}],"collection":[{"href":"https:\/\/www.lametairiehaute.fr\/boutique\/wp-json\/wp\/v2\/product"}],"about":[{"href":"https:\/\/www.lametairiehaute.fr\/boutique\/wp-json\/wp\/v2\/types\/product"}],"wp:featuredmedia":[{"embeddable":true,"href":"https:\/\/www.lametairiehaute.fr\/boutique\/wp-json\/wp\/v2\/media\/1222"}],"wp:attachment":[{"href":"https:\/\/www.lametairiehaute.fr\/boutique\/wp-json\/wp\/v2\/media?parent=189"}],"wp:term":[{"taxonomy":"product_brand","embeddable":true,"href":"https:\/\/www.lametairiehaute.fr\/boutique\/wp-json\/wp\/v2\/product_brand?post=189"},{"taxonomy":"product_cat","embeddable":true,"href":"https:\/\/www.lametairiehaute.fr\/boutique\/wp-json\/wp\/v2\/product_cat?post=189"},{"taxonomy":"product_tag","embeddable":true,"href":"https:\/\/www.lametairiehaute.fr\/boutique\/wp-json\/wp\/v2\/product_tag?post=189"}],"curies":[{"name":"wp","href":"https:\/\/api.w.org\/{rel}","templated":true}]}}