{"id":185,"date":"2017-04-07T11:36:02","date_gmt":"2017-04-07T09:36:02","guid":{"rendered":"https:\/\/www.lametairiehaute.fr\/boutique\/?post_type=product&#038;p=185"},"modified":"2025-11-30T17:38:57","modified_gmt":"2025-11-30T16:38:57","slug":"vanille-2","status":"publish","type":"product","link":"https:\/\/www.lametairiehaute.fr\/boutique\/produit\/vanille-2\/","title":{"rendered":"Vanille en tube 2 gousses"},"content":{"rendered":"","protected":false},"excerpt":{"rendered":"<p>Vanille NNF Bourbon de qualit\u00e9. Origine : Madagascar. Ces gousses ont un ar\u00f4me puissant en vanilline naturelle, des notes bois\u00e9es et suaves. La qualit\u00e9 optimale, dans un conditionnement \u00e9l\u00e9gant. Contient 2 gousses.<\/p>\n","protected":false},"featured_media":1220,"template":"","meta":[],"product_brand":[],"product_cat":[14],"product_tag":[],"class_list":{"0":"post-185","1":"product","2":"type-product","3":"status-publish","4":"has-post-thumbnail","6":"product_cat-vanille","8":"first","9":"instock","10":"shipping-taxable","11":"purchasable","12":"product-type-simple"},"_links":{"self":[{"href":"https:\/\/www.lametairiehaute.fr\/boutique\/wp-json\/wp\/v2\/product\/185","targetHints":{"allow":["GET"]}}],"collection":[{"href":"https:\/\/www.lametairiehaute.fr\/boutique\/wp-json\/wp\/v2\/product"}],"about":[{"href":"https:\/\/www.lametairiehaute.fr\/boutique\/wp-json\/wp\/v2\/types\/product"}],"wp:featuredmedia":[{"embeddable":true,"href":"https:\/\/www.lametairiehaute.fr\/boutique\/wp-json\/wp\/v2\/media\/1220"}],"wp:attachment":[{"href":"https:\/\/www.lametairiehaute.fr\/boutique\/wp-json\/wp\/v2\/media?parent=185"}],"wp:term":[{"taxonomy":"product_brand","embeddable":true,"href":"https:\/\/www.lametairiehaute.fr\/boutique\/wp-json\/wp\/v2\/product_brand?post=185"},{"taxonomy":"product_cat","embeddable":true,"href":"https:\/\/www.lametairiehaute.fr\/boutique\/wp-json\/wp\/v2\/product_cat?post=185"},{"taxonomy":"product_tag","embeddable":true,"href":"https:\/\/www.lametairiehaute.fr\/boutique\/wp-json\/wp\/v2\/product_tag?post=185"}],"curies":[{"name":"wp","href":"https:\/\/api.w.org\/{rel}","templated":true}]}}