{"id":1325,"date":"2025-10-23T15:01:37","date_gmt":"2025-10-23T13:01:37","guid":{"rendered":"https:\/\/www.lametairiehaute.fr\/boutique\/?post_type=product&#038;p=1325"},"modified":"2025-10-23T15:08:44","modified_gmt":"2025-10-23T13:08:44","slug":"sirop-au-safran-copie","status":"publish","type":"product","link":"https:\/\/www.lametairiehaute.fr\/boutique\/produit\/sirop-au-safran-copie\/","title":{"rendered":"Sirop au safran"},"content":{"rendered":"","protected":false},"excerpt":{"rendered":"<p style=\"text-align: center\">Sirop au safran. Le safran est cultiv\u00e9 sur place \u00e0 la M\u00e9tairie haute. Du safran, du sirop de sucre et du jus de citron pour la conservation et c&rsquo;est tout! Il peur se boire tout simplement dilu\u00e9 dans l&rsquo;eau comme un sirop classique. Vous pouvez \u00e9galement faire des kirs au vin blanc ou avec du p\u00e9tillant. Aussi, vous pouvez l&rsquo;utilisez en nappage sur les desserts (pomme au four, gaufre, \u00eele flottante, cr\u00eape\u2026) .<\/p>\n","protected":false},"featured_media":1310,"template":"","meta":[],"product_brand":[],"product_cat":[8],"product_tag":[],"class_list":{"0":"post-1325","1":"product","2":"type-product","3":"status-publish","4":"has-post-thumbnail","6":"product_cat-safran","7":"product_shipping_class-colissimo","9":"first","10":"instock","11":"shipping-taxable","12":"purchasable","13":"product-type-simple"},"_links":{"self":[{"href":"https:\/\/www.lametairiehaute.fr\/boutique\/wp-json\/wp\/v2\/product\/1325","targetHints":{"allow":["GET"]}}],"collection":[{"href":"https:\/\/www.lametairiehaute.fr\/boutique\/wp-json\/wp\/v2\/product"}],"about":[{"href":"https:\/\/www.lametairiehaute.fr\/boutique\/wp-json\/wp\/v2\/types\/product"}],"wp:featuredmedia":[{"embeddable":true,"href":"https:\/\/www.lametairiehaute.fr\/boutique\/wp-json\/wp\/v2\/media\/1310"}],"wp:attachment":[{"href":"https:\/\/www.lametairiehaute.fr\/boutique\/wp-json\/wp\/v2\/media?parent=1325"}],"wp:term":[{"taxonomy":"product_brand","embeddable":true,"href":"https:\/\/www.lametairiehaute.fr\/boutique\/wp-json\/wp\/v2\/product_brand?post=1325"},{"taxonomy":"product_cat","embeddable":true,"href":"https:\/\/www.lametairiehaute.fr\/boutique\/wp-json\/wp\/v2\/product_cat?post=1325"},{"taxonomy":"product_tag","embeddable":true,"href":"https:\/\/www.lametairiehaute.fr\/boutique\/wp-json\/wp\/v2\/product_tag?post=1325"}],"curies":[{"name":"wp","href":"https:\/\/api.w.org\/{rel}","templated":true}]}}