{"id":121,"date":"2017-04-07T09:55:37","date_gmt":"2017-04-07T07:55:37","guid":{"rendered":"https:\/\/www.lametairiehaute.fr\/boutique\/?post_type=product&#038;p=121"},"modified":"2025-10-23T18:02:18","modified_gmt":"2025-10-23T16:02:18","slug":"vin-d-epine","status":"publish","type":"product","link":"https:\/\/www.lametairiehaute.fr\/boutique\/produit\/vin-d-epine\/","title":{"rendered":"Vin d&rsquo;\u00e9pine"},"content":{"rendered":"","protected":false},"excerpt":{"rendered":"<p>Vin \u00e0 proposer en vin ap\u00e9ritif. A servir frais ou avec un gla\u00e7on. En bouteille de 50 cl\u00a0 ou 75 cl. Il est fait \u00e0 partir de vin rouge AOC Cahors. Il s\u2019agit d\u2019une mac\u00e9ration des jeunes pousses de prunelier (qu\u2019on appelle barthas noire ou \u00e9pine noire) ramass\u00e9es au printemps. La mac\u00e9ration se fait dans le vin rouge avec de l\u2019alcool et un de sucre. Il titre \u00e0 14.5% vol. L\u2019\u00e9pine noire conf\u00e8re un petit go\u00fbt de noyau de cerise, amande am\u00e8re, tr\u00e8s agr\u00e9able.<\/p>\n","protected":false},"featured_media":1312,"template":"","meta":[],"product_brand":[],"product_cat":[10],"product_tag":[],"class_list":{"0":"post-121","1":"product","2":"type-product","3":"status-publish","4":"has-post-thumbnail","6":"product_cat-aperitifs","8":"first","9":"instock","10":"shipping-taxable","11":"purchasable","12":"product-type-variable"},"_links":{"self":[{"href":"https:\/\/www.lametairiehaute.fr\/boutique\/wp-json\/wp\/v2\/product\/121","targetHints":{"allow":["GET"]}}],"collection":[{"href":"https:\/\/www.lametairiehaute.fr\/boutique\/wp-json\/wp\/v2\/product"}],"about":[{"href":"https:\/\/www.lametairiehaute.fr\/boutique\/wp-json\/wp\/v2\/types\/product"}],"wp:featuredmedia":[{"embeddable":true,"href":"https:\/\/www.lametairiehaute.fr\/boutique\/wp-json\/wp\/v2\/media\/1312"}],"wp:attachment":[{"href":"https:\/\/www.lametairiehaute.fr\/boutique\/wp-json\/wp\/v2\/media?parent=121"}],"wp:term":[{"taxonomy":"product_brand","embeddable":true,"href":"https:\/\/www.lametairiehaute.fr\/boutique\/wp-json\/wp\/v2\/product_brand?post=121"},{"taxonomy":"product_cat","embeddable":true,"href":"https:\/\/www.lametairiehaute.fr\/boutique\/wp-json\/wp\/v2\/product_cat?post=121"},{"taxonomy":"product_tag","embeddable":true,"href":"https:\/\/www.lametairiehaute.fr\/boutique\/wp-json\/wp\/v2\/product_tag?post=121"}],"curies":[{"name":"wp","href":"https:\/\/api.w.org\/{rel}","templated":true}]}}