{"id":64,"date":"2017-03-22T10:57:29","date_gmt":"2017-03-22T09:57:29","guid":{"rendered":"https:\/\/www.lametairiehaute.fr\/boutique\/?page_id=64"},"modified":"2017-10-16T12:40:41","modified_gmt":"2017-10-16T10:40:41","slug":"mentions-legales","status":"publish","type":"page","link":"https:\/\/www.lametairiehaute.fr\/boutique\/mentions-legales\/","title":{"rendered":"Mentions l\u00e9gales"},"content":{"rendered":"<p><strong>Site<\/strong><\/p>\n<p>Site cr\u00e9\u00e9 par Vincent Marcel<br \/>\nMerlette<br \/>\n46600 Sarrazac<br \/>\n05 65 37 78 09<br \/>\n<a href=\"mailto:vm@vincent-marcel.com\">vm@vincent-marcel.com<\/a><br \/>\n<a href=\"http:\/\/www.vincent-marcel.com\">www.vincent-marcel.com<\/a><\/p>\n<p>Site h\u00e9berg\u00e9 par Celeonet<\/p>\n<p><strong>Photos<\/strong><\/p>\n<p>Toutes les photos sont de Junie Silvente-Galera<\/p>\n<p>&nbsp;<\/p>\n","protected":false},"excerpt":{"rendered":"<p>Site Site cr\u00e9\u00e9 par Vincent Marcel Merlette 46600 Sarrazac 05 65 37 78 09 vm@vincent-marcel.com www.vincent-marcel.com Site h\u00e9berg\u00e9 par Celeonet&#8230;  <a class=\"excerpt-read-more\" href=\"https:\/\/www.lametairiehaute.fr\/boutique\/mentions-legales\/\" title=\"Read Mentions l\u00e9gales\">Lire la suite &raquo;<\/a><\/p>\n","protected":false},"author":1,"featured_media":0,"parent":0,"menu_order":100,"comment_status":"closed","ping_status":"closed","template":"","meta":{"footnotes":""},"class_list":["post-64","page","type-page","status-publish","hentry"],"_links":{"self":[{"href":"https:\/\/www.lametairiehaute.fr\/boutique\/wp-json\/wp\/v2\/pages\/64","targetHints":{"allow":["GET"]}}],"collection":[{"href":"https:\/\/www.lametairiehaute.fr\/boutique\/wp-json\/wp\/v2\/pages"}],"about":[{"href":"https:\/\/www.lametairiehaute.fr\/boutique\/wp-json\/wp\/v2\/types\/page"}],"author":[{"embeddable":true,"href":"https:\/\/www.lametairiehaute.fr\/boutique\/wp-json\/wp\/v2\/users\/1"}],"replies":[{"embeddable":true,"href":"https:\/\/www.lametairiehaute.fr\/boutique\/wp-json\/wp\/v2\/comments?post=64"}],"version-history":[{"count":4,"href":"https:\/\/www.lametairiehaute.fr\/boutique\/wp-json\/wp\/v2\/pages\/64\/revisions"}],"predecessor-version":[{"id":310,"href":"https:\/\/www.lametairiehaute.fr\/boutique\/wp-json\/wp\/v2\/pages\/64\/revisions\/310"}],"wp:attachment":[{"href":"https:\/\/www.lametairiehaute.fr\/boutique\/wp-json\/wp\/v2\/media?parent=64"}],"curies":[{"name":"wp","href":"https:\/\/api.w.org\/{rel}","templated":true}]}}