{"id":52,"date":"2017-03-22T10:48:52","date_gmt":"2017-03-22T09:48:52","guid":{"rendered":"https:\/\/www.lametairiehaute.fr\/boutique\/?page_id=52"},"modified":"2025-11-17T11:29:19","modified_gmt":"2025-11-17T10:29:19","slug":"cgv","status":"publish","type":"page","link":"https:\/\/www.lametairiehaute.fr\/boutique\/cgv\/","title":{"rendered":"Conditions G\u00e9n\u00e9rales de Vente"},"content":{"rendered":"<p>Les pr\u00e9sentes conditions g\u00e9n\u00e9rales de vente r\u00e9gissent les relations contractuelles entre LES PRODUITS DE LA METAIRIE HAUTE et son client, les deux parties les acceptant sans r\u00e9serve.<\/p>\n<p>1.PRIX<\/p>\n<p>Le prix des produits indiqu\u00e9 sur le site sont TTC (il n&rsquo;inclue pas les frais de port). Le taux de TVA applicable est de 5,5% sauf pour les produits alcoolis\u00e9s qui est de 20%.\u00a0Les prix indiqu\u00e9s sont valables uniquement le jour de l&rsquo;enregistrement de votre commande et peuvent \u00eatre modifi\u00e9s sans pr\u00e9avis de notre part.<\/p>\n<p>2.LIVRAISON<\/p>\n<p>Pour les livraisons en France m\u00e9tropolitaine : les frais de port pour toute commande inf\u00e9rieure \u00e0 89 euros HT est de 7,90 euros. Le franco est appliqu\u00e9 pour toute commande d\u00e9passant les 89 euros HT\u00a0 .<\/p>\n<p>Pour les livraisons hors France m\u00e9tropolitaine, le tarif d\u00e9pend du pays de livraison.<\/p>\n<p>Les livraisons de colis s&rsquo;effectuent par voies postales (colissimo) ou par transporteur priv\u00e9.<\/p>\n<p>Les commandes sont g\u00e9r\u00e9es dans l&rsquo;ordre de leur arriv\u00e9e et dans la mesure des disponibilit\u00e9s des produits. Les commandes sont exp\u00e9di\u00e9es sous 72 h (jours ouvr\u00e9s) d\u00e8s confirmation et validation du r\u00e8glement. Les d\u00e9lais de livraison varient de 24 \u00e0 72 h. Les d\u00e9lais que nous indiquons s&rsquo;entendent sous r\u00e9serve de retard r\u00e9sultant de cas de force majeure et ind\u00e9pendant de notre volont\u00e9 (gr\u00e8ve, avarie, etc &#8230;).<\/p>\n<p>En cas d&rsquo;absence de l&rsquo;acheteur au moment de la livraison, le transporteur notifie par bordereau son passage et informe des modalit\u00e9s d&rsquo;enl\u00e8vement par le client ou de son passage ult\u00e9rieur. Si le transporteur se trouve dans l&rsquo;impossibilit\u00e9 d&rsquo;acheminer les marchandises pour des raisons li\u00e9s au client (absence, adresse erron\u00e9e, indication insuffisante, etc &#8230;), nous ne\u00a0pourront \u00eatre tenu pour responsable du retard de livraison.<br \/>\nSi un de nos produits se trouve en rupture momentan\u00e9e de stock, nous en informons le client qui peut \u00e0 tout moment renoncer \u00e0 son achat. Dans ce cas, nous proc\u00e9derons au remboursement du client de la totalit\u00e9 des sommes \u00e9ventuellement vers\u00e9es.<br \/>\nLes produits sont livr\u00e9s \u00e0 l&rsquo;adresse indiqu\u00e9e par le client au moment de la commande.<\/p>\n<p>3.FORCE MAJEURE<br \/>\nNous nous r\u00e9servons la facult\u00e9 de suspendre, retarder ou modifier l\u2019ex\u00e9cution de commandes dans les cas de force majeure tels qu\u2019ils sont d\u00e9finis par la jurisprudence, ainsi que dans les cas d\u2019\u00e9v\u00e9nements entra\u00eenant une impossibilit\u00e9 d\u2019ex\u00e9cution tels que gr\u00e8ve, blocage des voies de communication, \u00e9meute, guerre, incendie, gel, inondation, accidents et l&rsquo;impossibilit\u00e9 d&rsquo;\u00eatre approvisionn\u00e9s.<br \/>\nEn application de la loi 80-335 du 12\/05\/1980, nous nous r\u00e9servons la propri\u00e9t\u00e9 de la marchandise vendue jusqu\u2019au paiement complet de la facture.<\/p>\n<p>4.CONTESTATION<br \/>\nToute r\u00e9clamation relative au d\u00e9compte de la facture (prix et quantit\u00e9) devra \u00eatre formul\u00e9e dans la semaine qui suit la r\u00e9ception de la facture.<br \/>\nApr\u00e8s ce d\u00e9lai, aucune r\u00e9clamation ne pourra \u00eatre prise en consid\u00e9ration.<br \/>\nToute r\u00e9clamation concernant des anomalies de la marchandise livr\u00e9e (colis endommag\u00e9, avarie, fuite d&rsquo;un liquide, etc &#8230;) devra \u00eatre signal\u00e9e sur le bon de livraison et signal\u00e9 dans les 48 h par recommand\u00e9 avec accus\u00e9 de r\u00e9ception au transporteur en nous joignant un double.<\/p>\n<p>Le client b\u00e9n\u00e9ficie d&rsquo;une garantie de qualit\u00e9. Nous nous engageons au remboursement ou \u00e0 l&rsquo;\u00e9change des produits non conforme. Pour tout retour de marchandise nous incombant, les frais de r\u00e9exp\u00e9dition restent \u00e0 notre charge. Pour tout autre retour les frais de r\u00e9exp\u00e9dition en nos locaux resteront \u00e0 la charge du client.<\/p>\n<p>Le remboursement de la commande est adress\u00e9 \u00e0 l&rsquo;acheteur sous deux semaines apr\u00e8s le retour des marchandises. Article L.121-20-2 du code de la consommation\u00a0: le d\u00e9lai de r\u00e9tractation de 7 jours ne s&rsquo;applique pas dans le cadre des denr\u00e9es alimentaires.<\/p>\n<p>5.GARANTIE Les dates de consommation indiqu\u00e9es doivent \u00eatre respect\u00e9es par le client. Dans tous les cas nous ne pourrons \u00eatre tenu pour responsable pour non respect des dispositions r\u00e9glementaires et l\u00e9gislatives en vigueur dans le pays de r\u00e9ception.<\/p>\n<p>6. PAIEMENT<\/p>\n<p>Le r\u00e8glement s&rsquo;effectue comme d\u00e9fini dans les conditions pr\u00e9vues lors de la commande :<\/p>\n<ul type=\"disc\">\n<li>R\u00e8glement en ligne par CB, votre commande est exp\u00e9di\u00e9e d\u00e8s r\u00e9ception de votre r\u00e8glement.<\/li>\n<li>Par ch\u00e8que au comptant et sans escompte de notre part, votre commande est exp\u00e9di\u00e9e apr\u00e8s encaissement de votre ch\u00e8que (soumis \u00e0 d\u00e9lais selon traitement bancaire).<\/li>\n<li>Par Virement bancaire (exp\u00e9dition de votre commande d\u00e8s confirmation du r\u00e8glement) :<\/li>\n<\/ul>\n<p>IBAN\u00a0:\u00a0 \u00a0 \u00a0 \u00a0 \u00a0 \u00a0 \u00a0 \u00a0 \u00a0 \u00a0 FR76 1120 6000 8300 3002 2194 750<br \/>\nDOMICILIATION<strong>\u00a0<\/strong>:\u00a0 CREDIT AGRICOLE\u00a0 &#8211; CAJARC<br \/>\nBIC (swift)\u00a0:\u00a0 \u00a0 \u00a0 \u00a0 \u00a0 \u00a0 AGRIFRPP812<br \/>\nINTITULE\u00a0:\u00a0 \u00a0 \u00a0 \u00a0 \u00a0 \u00a0 SILVENTE GALERA Junie<\/p>\n<p>LES PRODUITS DE LA METAIRIE HAUTE &#8211; KARIBO MADA<br \/>\nLa M\u00e9tairie haute<br \/>\n46160 MARCILHAC SUR CELE &#8211; France<\/p>\n<p>En validant sa commande, le client atteste des autorisations \u00e9ventuellement n\u00e9cessaire pour r\u00e9gler sa commande.<br \/>\nNous nous r\u00e9servons le droit de refuser une commande en provenance d&rsquo;un client n&rsquo;ayant pas honor\u00e9 une cr\u00e9ance ant\u00e9rieure ou sur laquelle un litige serait en cours.<\/p>\n<p>Ce site internet vend de l&rsquo;alcool. En validant sa commande, le client certifie avoir l&rsquo;\u00e2ge l\u00e9gal pour consommer de l&rsquo;alcool dans son pays de r\u00e9sidence.<\/p>\n<p>Pour les commandes faisant l&rsquo;objet d&rsquo;un r\u00e8glement par ch\u00e8que ou virement bancaire, le paiement doit \u00eatre effectif sous 3 jours maximums (jours ouvr\u00e9s), pass\u00e9 ce d\u00e9lai nous nous r\u00e9servons le droit d&rsquo;annuler la commande selon les quantit\u00e9s disponibles et le cours des produits propos\u00e9s \u00e0 la vente.<\/p>\n","protected":false},"excerpt":{"rendered":"<p>Les pr\u00e9sentes conditions g\u00e9n\u00e9rales de vente r\u00e9gissent les relations contractuelles entre LES PRODUITS DE LA METAIRIE HAUTE et son client,&#8230;  <a class=\"excerpt-read-more\" href=\"https:\/\/www.lametairiehaute.fr\/boutique\/cgv\/\" title=\"Read Conditions G\u00e9n\u00e9rales de Vente\">Lire la suite &raquo;<\/a><\/p>\n","protected":false},"author":1,"featured_media":0,"parent":0,"menu_order":100,"comment_status":"closed","ping_status":"closed","template":"","meta":{"footnotes":""},"class_list":["post-52","page","type-page","status-publish","hentry"],"_links":{"self":[{"href":"https:\/\/www.lametairiehaute.fr\/boutique\/wp-json\/wp\/v2\/pages\/52","targetHints":{"allow":["GET"]}}],"collection":[{"href":"https:\/\/www.lametairiehaute.fr\/boutique\/wp-json\/wp\/v2\/pages"}],"about":[{"href":"https:\/\/www.lametairiehaute.fr\/boutique\/wp-json\/wp\/v2\/types\/page"}],"author":[{"embeddable":true,"href":"https:\/\/www.lametairiehaute.fr\/boutique\/wp-json\/wp\/v2\/users\/1"}],"replies":[{"embeddable":true,"href":"https:\/\/www.lametairiehaute.fr\/boutique\/wp-json\/wp\/v2\/comments?post=52"}],"version-history":[{"count":8,"href":"https:\/\/www.lametairiehaute.fr\/boutique\/wp-json\/wp\/v2\/pages\/52\/revisions"}],"predecessor-version":[{"id":1092,"href":"https:\/\/www.lametairiehaute.fr\/boutique\/wp-json\/wp\/v2\/pages\/52\/revisions\/1092"}],"wp:attachment":[{"href":"https:\/\/www.lametairiehaute.fr\/boutique\/wp-json\/wp\/v2\/media?parent=52"}],"curies":[{"name":"wp","href":"https:\/\/api.w.org\/{rel}","templated":true}]}}