{"id":255,"date":"2017-05-15T11:53:50","date_gmt":"2017-05-15T09:53:50","guid":{"rendered":"https:\/\/www.lametairiehaute.fr\/boutique\/?page_id=255"},"modified":"2024-12-19T14:21:22","modified_gmt":"2024-12-19T13:21:22","slug":"atelier","status":"publish","type":"page","link":"https:\/\/www.lametairiehaute.fr\/boutique\/atelier\/","title":{"rendered":"L&rsquo;atelier"},"content":{"rendered":"<p>Les produits de la M\u00e9tairie haute, c\u2019est une entreprise locale et familiale bas\u00e9e dans le Lot (46) \u00e0 Marcilhac sur C\u00e9l\u00e9.<\/p>\n<p><img loading=\"lazy\" decoding=\"async\" class=\"size-medium wp-image-267 alignleft\" src=\"https:\/\/www.lametairiehaute.fr\/boutique\/wp-content\/uploads\/2017\/05\/photo-atelier-2-1500-300x199.jpg\" alt=\"\" width=\"300\" height=\"199\" srcset=\"https:\/\/www.lametairiehaute.fr\/boutique\/wp-content\/uploads\/2017\/05\/photo-atelier-2-1500-300x199.jpg 300w, https:\/\/www.lametairiehaute.fr\/boutique\/wp-content\/uploads\/2017\/05\/photo-atelier-2-1500-768x510.jpg 768w, https:\/\/www.lametairiehaute.fr\/boutique\/wp-content\/uploads\/2017\/05\/photo-atelier-2-1500-1024x680.jpg 1024w, https:\/\/www.lametairiehaute.fr\/boutique\/wp-content\/uploads\/2017\/05\/photo-atelier-2-1500-1000x664.jpg 1000w, https:\/\/www.lametairiehaute.fr\/boutique\/wp-content\/uploads\/2017\/05\/photo-atelier-2-1500-450x299.jpg 450w, https:\/\/www.lametairiehaute.fr\/boutique\/wp-content\/uploads\/2017\/05\/photo-atelier-2-1500.jpg 1500w\" sizes=\"auto, (max-width: 300px) 100vw, 300px\" \/>Comme je le disais c\u2019est une affaire de famille ! Tout a commenc\u00e9 avec la r\u00e9habilitation de l\u2019ancienne \u00e9table en atelier de transformation de nos produits.<span style=\"color: #000000\"> Nous avons pris le parti avec mes parents de la r\u00e9nover avec des mat\u00e9riaux \u00e9cologiques, locaux et de r\u00e9aliser les travaux nous-m\u00eames.<\/span><\/p>\n<p><span style=\"color: #000000\">D\u2019un c\u00f4t\u00e9, il y a ma m\u00e8re qui r\u00e9alise des sirops aux plantes cultiv\u00e9es chez nous ou cueillies au fil des saisons. Et l\u2019\u00e9t\u00e9, vous pouvez consommer toutes ces boissons au <a href=\"https:\/\/www.lametairiehaute.fr\/bar-a-plantes.html\">bar \u00e0 plantes<\/a>. Et m\u00eame plus\u00a0! Car il y a aussi des <a href=\"https:\/\/www.lametairiehaute.fr\/chambres.html\">chambres\/tables d\u2019h\u00f4tes<\/a> et des <a href=\"https:\/\/www.lametairiehaute.fr\/yoga.html\">cours de yoga<\/a>.<\/span><\/p>\n<p><span style=\"color: #000000\"><img loading=\"lazy\" decoding=\"async\" class=\"wp-image-264 size-medium alignright\" src=\"https:\/\/www.lametairiehaute.fr\/boutique\/wp-content\/uploads\/2017\/05\/DSC_0286-1500-300x199.jpg\" alt=\"\" width=\"300\" height=\"199\" srcset=\"https:\/\/www.lametairiehaute.fr\/boutique\/wp-content\/uploads\/2017\/05\/DSC_0286-1500-300x199.jpg 300w, https:\/\/www.lametairiehaute.fr\/boutique\/wp-content\/uploads\/2017\/05\/DSC_0286-1500-768x510.jpg 768w, https:\/\/www.lametairiehaute.fr\/boutique\/wp-content\/uploads\/2017\/05\/DSC_0286-1500-1024x680.jpg 1024w, https:\/\/www.lametairiehaute.fr\/boutique\/wp-content\/uploads\/2017\/05\/DSC_0286-1500-1000x664.jpg 1000w, https:\/\/www.lametairiehaute.fr\/boutique\/wp-content\/uploads\/2017\/05\/DSC_0286-1500-450x299.jpg 450w, https:\/\/www.lametairiehaute.fr\/boutique\/wp-content\/uploads\/2017\/05\/DSC_0286-1500.jpg 1500w\" sizes=\"auto, (max-width: 300px) 100vw, 300px\" \/><\/span><span style=\"color: #000000\">De l\u2019autre, il y a l&rsquo;atelier de fabrication, cr\u00e9\u00e9e en 2010 suite \u00e0 un voyage \u00e0 Madagascar. <\/span>A partir de la vanille Bourbon, je transforme, importe et s\u00e9lectionne de la vanille de qualit\u00e9. Je r\u00e9alise les transformations suivantes dans mon atelier\u00a0:<\/p>\n<p>Gousses de vanille, poudre de vanille, vanille liquide, sucre vanill\u00e9, rhum arrang\u00e9 (m\u00e9lange de rhum blanc, fruits s\u00e9ch\u00e9s, plantes et vanille), confitures de fruits \u00e0 la vanille, sirops de gingembre et de curcuma, caramel vanill\u00e9, sachets de pr\u00e9paration pour rhum arrang\u00e9, vins ap\u00e9ritifs.<\/p>\n<img loading=\"lazy\" decoding=\"async\" class=\"aligncenter wp-image-269 size-bones-thumb-600\" src=\"https:\/\/www.lametairiehaute.fr\/boutique\/wp-content\/uploads\/2017\/05\/photo-point-de-vente-1500-600x150.jpg\" alt=\"\" width=\"600\" height=\"150\" \/>\n<p>Comme je le disais pr\u00e9c\u00e9demment, <span style=\"color: #000000\">aux mois de juillet et d\u2019ao\u00fbt, le bar \u00e0 plantes ouvre ses portes, une oasis au milieu d\u2019un causse atypique plant\u00e9 en r\u00e9sineux. <\/span><\/p>\n<img loading=\"lazy\" decoding=\"async\" class=\"aligncenter wp-image-268 size-large\" src=\"https:\/\/www.lametairiehaute.fr\/boutique\/wp-content\/uploads\/2017\/05\/atelier-bar-\u00e0-plante-point-de-vente-1500-1024x768.jpg\" alt=\"\" width=\"640\" height=\"480\" srcset=\"https:\/\/www.lametairiehaute.fr\/boutique\/wp-content\/uploads\/2017\/05\/atelier-bar-\u00e0-plante-point-de-vente-1500-1024x768.jpg 1024w, https:\/\/www.lametairiehaute.fr\/boutique\/wp-content\/uploads\/2017\/05\/atelier-bar-\u00e0-plante-point-de-vente-1500-300x225.jpg 300w, https:\/\/www.lametairiehaute.fr\/boutique\/wp-content\/uploads\/2017\/05\/atelier-bar-\u00e0-plante-point-de-vente-1500-768x576.jpg 768w, https:\/\/www.lametairiehaute.fr\/boutique\/wp-content\/uploads\/2017\/05\/atelier-bar-\u00e0-plante-point-de-vente-1500-1000x750.jpg 1000w, https:\/\/www.lametairiehaute.fr\/boutique\/wp-content\/uploads\/2017\/05\/atelier-bar-\u00e0-plante-point-de-vente-1500-450x338.jpg 450w, https:\/\/www.lametairiehaute.fr\/boutique\/wp-content\/uploads\/2017\/05\/atelier-bar-\u00e0-plante-point-de-vente-1500.jpg 1500w\" sizes=\"auto, (max-width: 640px) 100vw, 640px\" \/>\n<p><span style=\"color: #000000\">Karel et Juliette (mes parents), vous proposeront toutes sortes de boissons naturelles et sans alcool r\u00e9alis\u00e9es par nos soins\u00a0: sirops aux plantes (sauge, cournouille, thym, coquelicot, menthe etc\u2026), boissons compos\u00e9es aux plantes (limonade de sureau, jus de pomme au g\u00e9ranium rosat\u2026), sirop de gingembre (fait \u00e0 partir du gingembre frais), tisane, th\u00e9\u2026<\/span><\/p>\n<a href=\"https:\/\/www.lametairiehaute.fr\/bar-a-plantes.html\"><img loading=\"lazy\" decoding=\"async\" class=\"aligncenter size-large wp-image-272\" src=\"https:\/\/www.lametairiehaute.fr\/boutique\/wp-content\/uploads\/2017\/05\/affiche-bar-a-plantes-1500-737x1024.jpg\" alt=\"\" width=\"640\" height=\"889\" srcset=\"https:\/\/www.lametairiehaute.fr\/boutique\/wp-content\/uploads\/2017\/05\/affiche-bar-a-plantes-1500-737x1024.jpg 737w, https:\/\/www.lametairiehaute.fr\/boutique\/wp-content\/uploads\/2017\/05\/affiche-bar-a-plantes-1500-216x300.jpg 216w, https:\/\/www.lametairiehaute.fr\/boutique\/wp-content\/uploads\/2017\/05\/affiche-bar-a-plantes-1500-768x1068.jpg 768w, https:\/\/www.lametairiehaute.fr\/boutique\/wp-content\/uploads\/2017\/05\/affiche-bar-a-plantes-1500-1000x1390.jpg 1000w, https:\/\/www.lametairiehaute.fr\/boutique\/wp-content\/uploads\/2017\/05\/affiche-bar-a-plantes-1500-324x450.jpg 324w, https:\/\/www.lametairiehaute.fr\/boutique\/wp-content\/uploads\/2017\/05\/affiche-bar-a-plantes-1500.jpg 1079w\" sizes=\"auto, (max-width: 640px) 100vw, 640px\" \/><\/a>\n","protected":false},"excerpt":{"rendered":"<p>Les produits de la M\u00e9tairie haute, c\u2019est une entreprise locale et familiale bas\u00e9e dans le Lot (46) \u00e0 Marcilhac sur&#8230;  <a class=\"excerpt-read-more\" href=\"https:\/\/www.lametairiehaute.fr\/boutique\/atelier\/\" title=\"Read L&rsquo;atelier\">Lire la suite &raquo;<\/a><\/p>\n","protected":false},"author":1,"featured_media":0,"parent":0,"menu_order":50,"comment_status":"closed","ping_status":"closed","template":"","meta":{"footnotes":""},"class_list":["post-255","page","type-page","status-publish","hentry"],"_links":{"self":[{"href":"https:\/\/www.lametairiehaute.fr\/boutique\/wp-json\/wp\/v2\/pages\/255","targetHints":{"allow":["GET"]}}],"collection":[{"href":"https:\/\/www.lametairiehaute.fr\/boutique\/wp-json\/wp\/v2\/pages"}],"about":[{"href":"https:\/\/www.lametairiehaute.fr\/boutique\/wp-json\/wp\/v2\/types\/page"}],"author":[{"embeddable":true,"href":"https:\/\/www.lametairiehaute.fr\/boutique\/wp-json\/wp\/v2\/users\/1"}],"replies":[{"embeddable":true,"href":"https:\/\/www.lametairiehaute.fr\/boutique\/wp-json\/wp\/v2\/comments?post=255"}],"version-history":[{"count":11,"href":"https:\/\/www.lametairiehaute.fr\/boutique\/wp-json\/wp\/v2\/pages\/255\/revisions"}],"predecessor-version":[{"id":1211,"href":"https:\/\/www.lametairiehaute.fr\/boutique\/wp-json\/wp\/v2\/pages\/255\/revisions\/1211"}],"wp:attachment":[{"href":"https:\/\/www.lametairiehaute.fr\/boutique\/wp-json\/wp\/v2\/media?parent=255"}],"curies":[{"name":"wp","href":"https:\/\/api.w.org\/{rel}","templated":true}]}}